{"id":207,"date":"2025-12-16T18:21:10","date_gmt":"2025-12-16T18:21:10","guid":{"rendered":"https:\/\/imxn.net\/wp2x\/?page_id=207"},"modified":"2026-04-11T11:26:41","modified_gmt":"2026-04-11T09:26:41","slug":"hauenleuka","status":"publish","type":"page","link":"https:\/\/imxn.net\/wp2x\/index.php\/hauenleuka\/","title":{"rendered":"Hauenleuka"},"content":{"rendered":"\n<figure class=\"wp-block-image size-large\"><img loading=\"lazy\" decoding=\"async\" width=\"1024\" height=\"610\" src=\"https:\/\/imxn.net\/wp2x\/wp-content\/uploads\/2025\/12\/hauenleuka_tab_0-1024x610.jpg\" alt=\"\" class=\"wp-image-212\" srcset=\"https:\/\/imxn.net\/wp2x\/wp-content\/uploads\/2025\/12\/hauenleuka_tab_0-1024x610.jpg 1024w, https:\/\/imxn.net\/wp2x\/wp-content\/uploads\/2025\/12\/hauenleuka_tab_0-300x179.jpg 300w, https:\/\/imxn.net\/wp2x\/wp-content\/uploads\/2025\/12\/hauenleuka_tab_0-768x457.jpg 768w, https:\/\/imxn.net\/wp2x\/wp-content\/uploads\/2025\/12\/hauenleuka_tab_0-1536x914.jpg 1536w, https:\/\/imxn.net\/wp2x\/wp-content\/uploads\/2025\/12\/hauenleuka_tab_0.jpg 1680w\" sizes=\"auto, (max-width: 1024px) 100vw, 1024px\" \/><\/figure>\n\n\n\n<p>Hauenleuka v0.3 released 2025-12-16 \/  <a href=\"https:\/\/drive.proton.me\/urls\/9X69ZT0JSM#E0Ozw5kdhyyj\">Download<\/a><\/p>\n\n\n\n<h2 class=\"wp-block-heading\">Why?<\/h2>\n\n\n\n<p>After I upgraded to Ubuntu 24.04 my previous music player (gmusicbrowser) failed to start. I was agnry enough to write my own musicplayer. It is not for everyone, there are many better player for most people, but I don&#8217;t stream and have CD&#8217;s ripped and meticulously tagged. I need a good player for local files. The status (0.2+) is so good, that I don&#8217;t personally need any other music player.<\/p>\n\n\n\n<h2 class=\"wp-block-heading\">What?<\/h2>\n\n\n\n<p>In the Finnish folklore V\u00e4in\u00e4m\u00f6inen made the first kantele from Hauenleuka (Pike&#8217;s Jaw). Kantele is a musical instrument, and Hauenleuka plays music.<\/p>\n\n\n\n<h2 class=\"wp-block-heading\">Core Features<\/h2>\n\n\n\n<p>Note before using: &#8220;Hauenleuka&#8221; will modify files (tags)! This is a fundamental core feature.<br>Make backups before using.<\/p>\n\n\n\n<h2 class=\"wp-block-heading\">Minimum Requirements<\/h2>\n\n\n\n<ul class=\"wp-block-list\">\n<li>GPU should support OpenGLES2<\/li>\n\n\n\n<li>OS: Linux.<\/li>\n\n\n\n<li>Three external programs installed: ffmpeg, vorbiscomment and metaflac.<\/li>\n<\/ul>\n\n\n\n<h2 class=\"wp-block-heading\">Support<\/h2>\n\n\n\n<ul class=\"wp-block-list\">\n<li>Filetypes: ogg and flac.<\/li>\n\n\n\n<li>NOT Supported: Legacy (mp3) and Exotic (sid, nfs) will not be supported<\/li>\n<\/ul>\n\n\n\n<h2 class=\"wp-block-heading\">Library-database<\/h2>\n\n\n\n<ul class=\"wp-block-list\">\n<li>Made with huge libraries (properly tagged) in mind, Dev-dummy-database had 10M tracks! Should be enough.<\/li>\n\n\n\n<li>Tech: sqlite<\/li>\n<\/ul>\n\n\n\n<h2 class=\"wp-block-heading\">Auto-player<\/h2>\n\n\n\n<ul class=\"wp-block-list\">\n<li>Filtered by none, rating or never played.<\/li>\n\n\n\n<li>Playlist is randomly filled based on the filter and automatically updated.<\/li>\n<\/ul>\n\n\n\n<h2 class=\"wp-block-heading\">Tagging<\/h2>\n\n\n\n<h3 class=\"wp-block-heading\">Autotagger<\/h3>\n\n\n\n<ul class=\"wp-block-list\">\n<li>On_play: Playcount=(+1) + timeplayed=(curernt_time)<\/li>\n\n\n\n<li>Rating_standardizer. Converts (0.0-1.0; 0-255) to 0-5.<\/li>\n\n\n\n<li>If no rating tag is present, new tag is set to 3.<\/li>\n<\/ul>\n\n\n\n<h3 class=\"wp-block-heading\">Manual tagging<\/h3>\n\n\n\n<ul class=\"wp-block-list\">\n<li>Single track can be modified from the playlist.<\/li>\n\n\n\n<li>Artist can be merged to another artist. (Good for fixing typos)<\/li>\n<\/ul>\n\n\n\n<h2 class=\"wp-block-heading\">Explore and enqueue tracks<\/h2>\n\n\n\n<ul class=\"wp-block-list\">\n<li>Files: Browse filed in your HDD. Shortcuts can be added in user-config.<\/li>\n\n\n\n<li>Search: Text serach based on any title, artist, album or genre -fields.<\/li>\n\n\n\n<li>Library: Lists tracks more visually, sort via artist, album, genre or year.<\/li>\n<\/ul>\n\n\n\n<h2 class=\"wp-block-heading\">Playlist support<\/h2>\n\n\n\n<ul class=\"wp-block-list\">\n<li>Current playlist can be saved via the playlist-tab. Give a name and click save. Same name will overwrite the old one.<\/li>\n\n\n\n<li>Dynamic-playlists. Two dynamic playlists are supported: top100 and history.<\/li>\n<\/ul>\n\n\n\n<h2 class=\"wp-block-heading\">Eye Candy<\/h2>\n\n\n\n<ul class=\"wp-block-list\">\n<li>Statistics tab. Graph of release years, top genres, top artists.<\/li>\n\n\n\n<li>Cover art in the same directory as the tracks named: &#8220;00 &#8211; cover.jpg&#8221;<\/li>\n<\/ul>\n\n\n\n<h2 class=\"wp-block-heading\">User-config<\/h2>\n\n\n\n<ul class=\"wp-block-list\">\n<li>Libraries \/ Shortcuts to Files-tab<\/li>\n\n\n\n<li>Colours<\/li>\n\n\n\n<li>Enable Artist-merger<\/li>\n<\/ul>\n\n\n\n<h2 class=\"wp-block-heading\">TODO:<\/h2>\n\n\n\n<ul class=\"wp-block-list\">\n<li>Boot: Warning about missing requirements (now visible only in console)<\/li>\n\n\n\n<li>User-config: Better theming (bg-image).<\/li>\n\n\n\n<li>User-config: More user values: artist limits, stats threshold.<\/li>\n\n\n\n<li>Auto-player: filter for above a certain value. (4+ should filter 4 &amp; 5)<\/li>\n<\/ul>\n\n\n\n<h2 class=\"wp-block-heading\">Bugs:<\/h2>\n\n\n\n<ul class=\"wp-block-list\">\n<li>Metadata of the playing track gets overwritten by data of track that has been first changed via mouse and then by keyboard shortcut.\n<ul class=\"wp-block-list\">\n<li>Track A plays, User changes rating of track B with mouse, then ctrl+rating to change rating of Track A. -> Track B data is copied over Track A.\n<ul class=\"wp-block-list\">\n<li>Solution: Do not use keyboard to change ratings IF used mouse to change other track.<\/li>\n<\/ul>\n<\/li>\n<\/ul>\n<\/li>\n<\/ul>\n\n\n\n<h2 class=\"wp-block-heading\">Screenshots<\/h2>\n\n\n\n<h3 class=\"wp-block-heading\">Tabs<\/h3>\n\n\n\n<figure class=\"wp-block-gallery has-nested-images columns-4 is-cropped wp-block-gallery-1 is-layout-flex wp-block-gallery-is-layout-flex\">\n<figure class=\"wp-block-image size-medium\"><a href=\"https:\/\/imxn.net\/wp2x\/wp-content\/uploads\/2025\/12\/hauenleuka_tab_1.jpg\"><img loading=\"lazy\" decoding=\"async\" width=\"120\" height=\"300\" data-id=\"213\" src=\"https:\/\/imxn.net\/wp2x\/wp-content\/uploads\/2025\/12\/hauenleuka_tab_1-120x300.jpg\" alt=\"\" class=\"wp-image-213\" srcset=\"https:\/\/imxn.net\/wp2x\/wp-content\/uploads\/2025\/12\/hauenleuka_tab_1-120x300.jpg 120w, https:\/\/imxn.net\/wp2x\/wp-content\/uploads\/2025\/12\/hauenleuka_tab_1.jpg 400w\" sizes=\"auto, (max-width: 120px) 100vw, 120px\" \/><\/a><\/figure>\n\n\n\n<figure class=\"wp-block-image size-medium\"><a href=\"https:\/\/imxn.net\/wp2x\/wp-content\/uploads\/2025\/12\/hauenleuka_tab_2.jpg\"><img loading=\"lazy\" decoding=\"async\" width=\"120\" height=\"300\" data-id=\"214\" src=\"https:\/\/imxn.net\/wp2x\/wp-content\/uploads\/2025\/12\/hauenleuka_tab_2-120x300.jpg\" alt=\"\" class=\"wp-image-214\" srcset=\"https:\/\/imxn.net\/wp2x\/wp-content\/uploads\/2025\/12\/hauenleuka_tab_2-120x300.jpg 120w, https:\/\/imxn.net\/wp2x\/wp-content\/uploads\/2025\/12\/hauenleuka_tab_2.jpg 400w\" sizes=\"auto, (max-width: 120px) 100vw, 120px\" \/><\/a><\/figure>\n\n\n\n<figure class=\"wp-block-image size-medium\"><a href=\"https:\/\/imxn.net\/wp2x\/wp-content\/uploads\/2025\/12\/hauenleuka_tab_4.jpg\"><img loading=\"lazy\" decoding=\"async\" width=\"120\" height=\"300\" data-id=\"218\" src=\"https:\/\/imxn.net\/wp2x\/wp-content\/uploads\/2025\/12\/hauenleuka_tab_4-120x300.jpg\" alt=\"\" class=\"wp-image-218\" srcset=\"https:\/\/imxn.net\/wp2x\/wp-content\/uploads\/2025\/12\/hauenleuka_tab_4-120x300.jpg 120w, https:\/\/imxn.net\/wp2x\/wp-content\/uploads\/2025\/12\/hauenleuka_tab_4.jpg 400w\" sizes=\"auto, (max-width: 120px) 100vw, 120px\" \/><\/a><\/figure>\n\n\n\n<figure class=\"wp-block-image size-medium is-style-default\"><a href=\"https:\/\/imxn.net\/wp2x\/wp-content\/uploads\/2025\/12\/hauenleuka_tab_5-1.jpg\"><img loading=\"lazy\" decoding=\"async\" width=\"120\" height=\"300\" data-id=\"220\" src=\"https:\/\/imxn.net\/wp2x\/wp-content\/uploads\/2025\/12\/hauenleuka_tab_5-1-120x300.jpg\" alt=\"\" class=\"wp-image-220\" srcset=\"https:\/\/imxn.net\/wp2x\/wp-content\/uploads\/2025\/12\/hauenleuka_tab_5-1-120x300.jpg 120w, https:\/\/imxn.net\/wp2x\/wp-content\/uploads\/2025\/12\/hauenleuka_tab_5-1.jpg 400w\" sizes=\"auto, (max-width: 120px) 100vw, 120px\" \/><\/a><\/figure>\n<\/figure>\n\n\n\n<h3 class=\"wp-block-heading\">Library<\/h3>\n\n\n\n<figure class=\"wp-block-gallery has-nested-images columns-default is-cropped wp-block-gallery-2 is-layout-flex wp-block-gallery-is-layout-flex\">\n<figure class=\"wp-block-image size-large is-style-default\"><a href=\"https:\/\/imxn.net\/wp2x\/wp-content\/uploads\/2025\/12\/hauenleuka_tab_3_artist-1.jpg\"><img loading=\"lazy\" decoding=\"async\" width=\"1024\" height=\"846\" data-id=\"223\" src=\"https:\/\/imxn.net\/wp2x\/wp-content\/uploads\/2025\/12\/hauenleuka_tab_3_artist-1-1024x846.jpg\" alt=\"\" class=\"wp-image-223\" srcset=\"https:\/\/imxn.net\/wp2x\/wp-content\/uploads\/2025\/12\/hauenleuka_tab_3_artist-1-1024x846.jpg 1024w, https:\/\/imxn.net\/wp2x\/wp-content\/uploads\/2025\/12\/hauenleuka_tab_3_artist-1-300x248.jpg 300w, https:\/\/imxn.net\/wp2x\/wp-content\/uploads\/2025\/12\/hauenleuka_tab_3_artist-1-768x635.jpg 768w, https:\/\/imxn.net\/wp2x\/wp-content\/uploads\/2025\/12\/hauenleuka_tab_3_artist-1.jpg 1210w\" sizes=\"auto, (max-width: 1024px) 100vw, 1024px\" \/><\/a><figcaption class=\"wp-element-caption\">by Artist<\/figcaption><\/figure>\n\n\n\n<figure class=\"wp-block-image size-large\"><a href=\"https:\/\/imxn.net\/wp2x\/wp-content\/uploads\/2025\/12\/hauenleuka_tab_3_genre-1.jpg\"><img loading=\"lazy\" decoding=\"async\" width=\"1024\" height=\"846\" data-id=\"222\" src=\"https:\/\/imxn.net\/wp2x\/wp-content\/uploads\/2025\/12\/hauenleuka_tab_3_genre-1-1024x846.jpg\" alt=\"\" class=\"wp-image-222\" srcset=\"https:\/\/imxn.net\/wp2x\/wp-content\/uploads\/2025\/12\/hauenleuka_tab_3_genre-1-1024x846.jpg 1024w, https:\/\/imxn.net\/wp2x\/wp-content\/uploads\/2025\/12\/hauenleuka_tab_3_genre-1-300x248.jpg 300w, https:\/\/imxn.net\/wp2x\/wp-content\/uploads\/2025\/12\/hauenleuka_tab_3_genre-1-768x635.jpg 768w, https:\/\/imxn.net\/wp2x\/wp-content\/uploads\/2025\/12\/hauenleuka_tab_3_genre-1.jpg 1210w\" sizes=\"auto, (max-width: 1024px) 100vw, 1024px\" \/><\/a><figcaption class=\"wp-element-caption\">by Genre<\/figcaption><\/figure>\n\n\n\n<figure class=\"wp-block-image size-large\"><a href=\"https:\/\/imxn.net\/wp2x\/wp-content\/uploads\/2025\/12\/hauenleuka_tab_3_year-1.jpg\" target=\"_blank\" rel=\" noreferrer noopener\"><img loading=\"lazy\" decoding=\"async\" width=\"1024\" height=\"846\" data-id=\"221\" src=\"https:\/\/imxn.net\/wp2x\/wp-content\/uploads\/2025\/12\/hauenleuka_tab_3_year-1-1024x846.jpg\" alt=\"\" class=\"wp-image-221\" srcset=\"https:\/\/imxn.net\/wp2x\/wp-content\/uploads\/2025\/12\/hauenleuka_tab_3_year-1-1024x846.jpg 1024w, https:\/\/imxn.net\/wp2x\/wp-content\/uploads\/2025\/12\/hauenleuka_tab_3_year-1-300x248.jpg 300w, https:\/\/imxn.net\/wp2x\/wp-content\/uploads\/2025\/12\/hauenleuka_tab_3_year-1-768x635.jpg 768w, https:\/\/imxn.net\/wp2x\/wp-content\/uploads\/2025\/12\/hauenleuka_tab_3_year-1.jpg 1210w\" sizes=\"auto, (max-width: 1024px) 100vw, 1024px\" \/><\/a><figcaption class=\"wp-element-caption\">by Year<\/figcaption><\/figure>\n<\/figure>\n","protected":false},"excerpt":{"rendered":"<p>Hauenleuka v0.3 released 2025-12-16 \/ Download Why? After I upgraded to Ubuntu 24.04 my previous music player (gmusicbrowser) failed to start. I was agnry enough to write my own musicplayer. It is not for everyone, there are many better player for most people, but I don&#8217;t stream and have CD&#8217;s ripped and meticulously tagged. I&hellip;<\/p>\n","protected":false},"author":1,"featured_media":0,"parent":0,"menu_order":0,"comment_status":"closed","ping_status":"closed","template":"","meta":{"footnotes":""},"class_list":["post-207","page","type-page","status-publish","hentry"],"_links":{"self":[{"href":"https:\/\/imxn.net\/wp2x\/index.php\/wp-json\/wp\/v2\/pages\/207","targetHints":{"allow":["GET"]}}],"collection":[{"href":"https:\/\/imxn.net\/wp2x\/index.php\/wp-json\/wp\/v2\/pages"}],"about":[{"href":"https:\/\/imxn.net\/wp2x\/index.php\/wp-json\/wp\/v2\/types\/page"}],"author":[{"embeddable":true,"href":"https:\/\/imxn.net\/wp2x\/index.php\/wp-json\/wp\/v2\/users\/1"}],"replies":[{"embeddable":true,"href":"https:\/\/imxn.net\/wp2x\/index.php\/wp-json\/wp\/v2\/comments?post=207"}],"version-history":[{"count":17,"href":"https:\/\/imxn.net\/wp2x\/index.php\/wp-json\/wp\/v2\/pages\/207\/revisions"}],"predecessor-version":[{"id":342,"href":"https:\/\/imxn.net\/wp2x\/index.php\/wp-json\/wp\/v2\/pages\/207\/revisions\/342"}],"wp:attachment":[{"href":"https:\/\/imxn.net\/wp2x\/index.php\/wp-json\/wp\/v2\/media?parent=207"}],"curies":[{"name":"wp","href":"https:\/\/api.w.org\/{rel}","templated":true}]}}